{"id":1079,"date":"2021-03-05T00:45:29","date_gmt":"2021-03-05T00:45:29","guid":{"rendered":"http:\/\/lunares.laboralivros.com\/?page_id=1079"},"modified":"2021-03-05T00:45:33","modified_gmt":"2021-03-05T00:45:33","slug":"aulas-online-de-desenho-manga","status":"publish","type":"page","link":"http:\/\/lunares.laboralivros.com\/?page_id=1079","title":{"rendered":"Aulas online de desenho: mang\u00e1"},"content":{"rendered":"\n<p>Uma das alternativas para alunos \u00e0 dist\u00e2ncia ou que precisam se manter em isolamento s\u00e3o as aulas online ao vivo.<\/p>\n\n\n\n<p>Utilizando um aplicativo de v\u00eddeo confer\u00eancia, professora e aluno se conectam para as aulas. No momento utilizamos o Meet.<\/p>\n\n\n\n<p>Uma das vantagens da aula online \u00e9 que ela \u00e9 exclusivamente particular, e n\u00e3o feita em turma, ou seja a professora est\u00e1 dispon\u00edvel para atender e acompanhar o aluno de forma exclusiva, dedicando toda sua aten\u00e7\u00e3o \u00e0 ele<\/p>\n\n\n\n<figure class=\"wp-block-video\"><video controls src=\"http:\/\/lunares.laboralivros.com\/wp-content\/uploads\/2021\/03\/Aulas-de-desenho-PARA-insta-feed.mp4\"><\/video><\/figure>\n\n\n\n<p>O aluno tem a vis\u00e3o perfeita do que a professora desenha no papel, podendo acompanhar com precis\u00e3o todas as li\u00e7\u00f5es. Al\u00e9m disso, a professora utiliza uma apostila pr\u00f3pria para os alunos.<\/p>\n\n\n\n<p>Voc\u00ea pode assinar automaticamente as aulas por R$ 200 mensais utilizando o Paypal ao clicar no bot\u00e3o abaixo ou se preferir tratar diretamente com a professora<\/p>\n\n\n\n<form action=\"https:\/\/www.paypal.com\/cgi-bin\/webscr\" method=\"post\" target=\"_top\">\n<input type=\"hidden\" name=\"cmd\" value=\"_s-xclick\">\n<input type=\"hidden\" name=\"encrypted\" value=\"-----BEGIN PKCS7-----MIIHZwYJKoZIhvcNAQcEoIIHWDCCB1QCAQExggEwMIIBLAIBADCBlDCBjjELMAkGA1UEBhMCVVMxCzAJBgNVBAgTAkNBMRYwFAYDVQQHEw1Nb3VudGFpbiBWaWV3MRQwEgYDVQQKEwtQYXlQYWwgSW5jLjETMBEGA1UECxQKbGl2ZV9jZXJ0czERMA8GA1UEAxQIbGl2ZV9hcGkxHDAaBgkqhkiG9w0BCQEWDXJlQHBheXBhbC5jb20CAQAwDQYJKoZIhvcNAQEBBQAEgYCpE8M9\/iM1B+S\/OAq44xmlkno9KGWU8wWjXDeppp76TY1s3GjUXS+HfeDcUXljb7Rg9AUggNtdRDh53IrUNQX3yAgI0acv54S4LSs1Ljy+U3ErE3ffIMDci\/UWtz67ZNfDc3Mrt56J+cyWPOgvRZ1WNvC5uMAA0PcOj3WLbyO9WTELMAkGBSsOAwIaBQAwgeQGCSqGSIb3DQEHATAUBggqhkiG9w0DBwQIYZCDPCyH5ViAgcA0EbCu\/maR\/OPWfJ\/0+o0YjdyCRzrjaiCeChWyObaytFXNPyGxT9O3J\/wDQtK64Csr6bBFd80owjPNsZSvlQKDLglyfdCWlJA+agDY7+XUxtz1Vn5qAWFB1t3euhYlocyFAfMjEFX\/cmrFfH5GSs4BnSQeNE88zdMlO+ZPSStGLfULXVrZkD1YMNLxoOLxYm7r29QRS5zYUGLrUJopFzD5AoNiuVz+885Vtk31V3ZrKmDUpfe0rFFKgm15C8Mdl4igggOHMIIDgzCCAuygAwIBAgIBADANBgkqhkiG9w0BAQUFADCBjjELMAkGA1UEBhMCVVMxCzAJBgNVBAgTAkNBMRYwFAYDVQQHEw1Nb3VudGFpbiBWaWV3MRQwEgYDVQQKEwtQYXlQYWwgSW5jLjETMBEGA1UECxQKbGl2ZV9jZXJ0czERMA8GA1UEAxQIbGl2ZV9hcGkxHDAaBgkqhkiG9w0BCQEWDXJlQHBheXBhbC5jb20wHhcNMDQwMjEzMTAxMzE1WhcNMzUwMjEzMTAxMzE1WjCBjjELMAkGA1UEBhMCVVMxCzAJBgNVBAgTAkNBMRYwFAYDVQQHEw1Nb3VudGFpbiBWaWV3MRQwEgYDVQQKEwtQYXlQYWwgSW5jLjETMBEGA1UECxQKbGl2ZV9jZXJ0czERMA8GA1UEAxQIbGl2ZV9hcGkxHDAaBgkqhkiG9w0BCQEWDXJlQHBheXBhbC5jb20wgZ8wDQYJKoZIhvcNAQEBBQADgY0AMIGJAoGBAMFHTt38RMxLXJyO2SmS+Ndl72T7oKJ4u4uw+6awntALWh03PewmIJuzbALScsTS4sZoS1fKciBGoh11gIfHzylvkdNe\/hJl66\/RGqrj5rFb08sAABNTzDTiqqNpJeBsYs\/c2aiGozptX2RlnBktH+SUNpAajW724Nv2Wvhif6sFAgMBAAGjge4wgeswHQYDVR0OBBYEFJaffLvGbxe9WT9S1wob7BDWZJRrMIG7BgNVHSMEgbMwgbCAFJaffLvGbxe9WT9S1wob7BDWZJRroYGUpIGRMIGOMQswCQYDVQQGEwJVUzELMAkGA1UECBMCQ0ExFjAUBgNVBAcTDU1vdW50YWluIFZpZXcxFDASBgNVBAoTC1BheVBhbCBJbmMuMRMwEQYDVQQLFApsaXZlX2NlcnRzMREwDwYDVQQDFAhsaXZlX2FwaTEcMBoGCSqGSIb3DQEJARYNcmVAcGF5cGFsLmNvbYIBADAMBgNVHRMEBTADAQH\/MA0GCSqGSIb3DQEBBQUAA4GBAIFfOlaagFrl71+jq6OKidbWFSE+Q4FqROvdgIONth+8kSK\/\/Y\/4ihuE4Ymvzn5ceE3S\/iBSQQMjyvb+s2TWbQYDwcp129OPIbD9epdr4tJOUNiSojw7BHwYRiPh58S1xGlFgHFXwrEBb3dgNbMUa+u4qectsMAXpVHnD9wIyfmHMYIBmjCCAZYCAQEwgZQwgY4xCzAJBgNVBAYTAlVTMQswCQYDVQQIEwJDQTEWMBQGA1UEBxMNTW91bnRhaW4gVmlldzEUMBIGA1UEChMLUGF5UGFsIEluYy4xEzARBgNVBAsUCmxpdmVfY2VydHMxETAPBgNVBAMUCGxpdmVfYXBpMRwwGgYJKoZIhvcNAQkBFg1yZUBwYXlwYWwuY29tAgEAMAkGBSsOAwIaBQCgXTAYBgkqhkiG9w0BCQMxCwYJKoZIhvcNAQcBMBwGCSqGSIb3DQEJBTEPFw0yMTAzMDQyMTUzMzdaMCMGCSqGSIb3DQEJBDEWBBTB1CxeIHdQKtWYZbmo+ExNiJksSDANBgkqhkiG9w0BAQEFAASBgLd82fdSZh79sWF5L6jaGTcsQelH8w\/4kzLRJ44aktU\/wayikVZ5Vpat1BA6g3wo8w\/qe2i4CJzCVCW1nCSvJrsoUbJASYsqjVUtmp4Sx4\/JLOvd1VezmbBL1XSrsxWXcR5Rk8AZfHpX3icssj\/66aq\/FzwbwMiqcqDnZ2uWnNAX-----END PKCS7-----\">\n<input type=\"image\" src=\"https:\/\/www.paypalobjects.com\/pt_BR\/BR\/i\/btn\/btn_subscribeCC_LG.gif\" border=\"0\" name=\"submit\" alt=\"PayPal - A maneira f\u00e1cil e segura de enviar pagamentos online!\">\n<img loading=\"lazy\" alt=\"\" border=\"0\" src=\"https:\/\/www.paypalobjects.com\/pt_BR\/i\/scr\/pixel.gif\" width=\"1\" height=\"1\">\n<\/form>\n\n\n\n<p><strong>PROFESSORA<\/strong><\/p>\n\n\n\n<p>Lua Bueno Cyr\u00edaco \u00e9 formada em Artes Visuais (licenciatura) e d\u00e1 aulas de desenho desde 2010, j\u00e1 tendo passado por v\u00e1rias escolas e ateli\u00eas em Bras\u00edlia e oferece aulas desde 2016 em Curitiba e S\u00e3o Jos\u00e9 dos Pinhais.<\/p>\n\n\n\n<p>Em sua forma\u00e7\u00e3o, fez v\u00e1rios cursos da \u00e1rea de cinema (como argumento, roteiro e dire\u00e7\u00e3o cinematogr\u00e1fica), alguns de fotografia, e tem experi\u00eancia de mais de cinco anos no desenvolvimento de atividades de arte educa\u00e7\u00e3o voltadas para espa\u00e7os de galeria e museus (j\u00e1 tendo trabalhado no Museu Nacional da Republica, FUNARTE, Caixa Cultural, Museu nacional dos Correios e CCBB).<\/p>\n\n\n\n<p><strong><a href=\"http:\/\/luabueno.laboralivros.com\/pagina-exemplo\/\">Saiba mais do curr\u00edculo aqui.<\/a><\/strong><\/p>\n<!-- AddThis Advanced Settings generic via filter on the_content --><!-- AddThis Share Buttons generic via filter on the_content -->","protected":false},"excerpt":{"rendered":"<p>Uma das alternativas para alunos \u00e0 dist\u00e2ncia ou que precisam se manter em isolamento s\u00e3o as aulas online ao vivo. Utilizando um aplicativo de v\u00eddeo confer\u00eancia, professora e aluno se conectam para as aulas. No momento utilizamos o Meet. Uma das vantagens da aula online \u00e9 que ela \u00e9 exclusivamente particular, e n\u00e3o feita em<\/p>\n<p class=\"more-link\"><a href=\"http:\/\/lunares.laboralivros.com\/?page_id=1079\" class=\"themebutton\">Read More<\/a><\/p>\n<p><!-- AddThis Advanced Settings generic via filter on get_the_excerpt --><!-- AddThis Share Buttons generic via filter on get_the_excerpt --><\/p>\n","protected":false},"author":1,"featured_media":336,"parent":0,"menu_order":0,"comment_status":"closed","ping_status":"closed","template":"","meta":{"_EventAllDay":false,"_EventTimezone":"","_EventStartDate":"","_EventEndDate":"","_EventStartDateUTC":"","_EventEndDateUTC":"","_EventShowMap":false,"_EventShowMapLink":false,"_EventURL":"","_EventCost":"","_EventCostDescription":"","_EventCurrencySymbol":"","_EventCurrencyPosition":"","_EventDateTimeSeparator":"","_EventTimeRangeSeparator":"","_EventOrganizerID":[],"_EventVenueID":0,"_OrganizerEmail":"","_OrganizerPhone":"","_OrganizerWebsite":"","_VenueAddress":"","_VenueCity":"","_VenueCountry":"","_VenueProvince":"","_VenueZip":"","_VenuePhone":"","_VenueURL":"","_VenueStateProvince":"","_VenueLat":"","_VenueLng":"","spay_email":""},"jetpack_sharing_enabled":true,"jetpack_shortlink":"https:\/\/wp.me\/PaxjFD-hp","jetpack_likes_enabled":true,"_links":{"self":[{"href":"http:\/\/lunares.laboralivros.com\/index.php?rest_route=\/wp\/v2\/pages\/1079"}],"collection":[{"href":"http:\/\/lunares.laboralivros.com\/index.php?rest_route=\/wp\/v2\/pages"}],"about":[{"href":"http:\/\/lunares.laboralivros.com\/index.php?rest_route=\/wp\/v2\/types\/page"}],"author":[{"embeddable":true,"href":"http:\/\/lunares.laboralivros.com\/index.php?rest_route=\/wp\/v2\/users\/1"}],"replies":[{"embeddable":true,"href":"http:\/\/lunares.laboralivros.com\/index.php?rest_route=%2Fwp%2Fv2%2Fcomments&post=1079"}],"version-history":[{"count":5,"href":"http:\/\/lunares.laboralivros.com\/index.php?rest_route=\/wp\/v2\/pages\/1079\/revisions"}],"predecessor-version":[{"id":1085,"href":"http:\/\/lunares.laboralivros.com\/index.php?rest_route=\/wp\/v2\/pages\/1079\/revisions\/1085"}],"wp:featuredmedia":[{"embeddable":true,"href":"http:\/\/lunares.laboralivros.com\/index.php?rest_route=\/wp\/v2\/media\/336"}],"wp:attachment":[{"href":"http:\/\/lunares.laboralivros.com\/index.php?rest_route=%2Fwp%2Fv2%2Fmedia&parent=1079"}],"curies":[{"name":"wp","href":"https:\/\/api.w.org\/{rel}","templated":true}]}}