{"id":2,"date":"2018-12-13T19:06:34","date_gmt":"2018-12-13T19:06:34","guid":{"rendered":"https:\/\/lunares.laboralivros.com\/?page_id=2"},"modified":"2021-03-04T02:18:58","modified_gmt":"2021-03-04T02:18:58","slug":"sample-page","status":"publish","type":"page","link":"http:\/\/lunares.laboralivros.com\/?page_id=2","title":{"rendered":"Sobre"},"content":{"rendered":"\n<h4>Lua Bueno Cyr\u00edaco<\/h4>\n\n\n\n<p>Lua Bueno Cyr\u00edaco, tem 34 anos, \u00e9 nascida e criada em Bras\u00edlia, mas mora em Curitiba h\u00e1 quase 4 anos. \u00c9 casada e m\u00e3e de dois gatos.<\/p>\n\n\n\n<p>Formada em Artes Visuais (licenciatura), atualmente cursa letras japon\u00eas na UFPR.<\/p>\n\n\n\n<p>Em sua forma\u00e7\u00e3o, fez v\u00e1rios cursos da \u00e1rea de cinema (como argumento, roteiro e dire\u00e7\u00e3o cinematogr\u00e1fica), alguns de fotografia, e tem experi\u00eancia de mais de cinco anos no desenvolvimento de atividades de arte educa\u00e7\u00e3o voltadas para espa\u00e7os de galeria e museus (j\u00e1 tendo trabalhado no Museu Nacional da Republica, FUNARTE, Caixa Cultural, Museu nacional dos Correios e CCBB).<\/p>\n\n\n\n<p>Em 2016 come\u00e7ou a administrar o agora Laboralivros. No ano de 2018 abriu a Urso e BuruRu com um amigo, e espera poder ajudar a editar v\u00e1rios livros e quadrinhos bacanas!<br><br>Em sua carreira profissional, destaca:<\/p>\n\n\n\n<blockquote class=\"wp-block-quote\"><p>\u201cJ\u00e1 trabalhei com quadrinhos, chara design para games, mas acho que os trabalhos mais legais foram em est\u00fadios de anima\u00e7\u00e3o, onde pude colorir e meiar um an\u00fancio do samuzinho no Gurei Studios e tamb\u00e9m quando trabalhei na s\u00e9rie \u201cas fabulosas cole\u00e7\u00f5es do seu Gon\u00e7alo\u201d da TV Escola, onde fiz o design de background\u201d.<\/p><\/blockquote>\n\n\n\n<h4>Lunares<\/h4>\n\n\n\n<p>Lunares \u00e9 uma linha de produtos artesanais assinados pela ilustradora e quadrinista Lua Bueno Cyr\u00edaco.&nbsp;<\/p>\n\n\n\n<p>A paix\u00e3o pelos produtos de papelaria \u00e9 algo presente desde adolesc\u00eancia, e ap\u00f3s um maior contato com livros&nbsp;surgiu o interesse e gosto de produzir cadernos e marcadores de livro artesanais, unindo o trabalho de ilustra\u00e7\u00e3o e serigrafia com a papelaria.&nbsp;No ano de 2017, uma linha de cadernos em espiral carrega a estampa exclusiva &#8220;Youkai&#8221; inspirada nas lendas japonesas, trazendo uma estampa dividida em quatro partes.<\/p>\n\n\n\n<p>\u200bMesmo as estampas de tecidos industriais s\u00e3o adquiridas em lojas de &#8220;retalhos&#8221;, ou seja, s\u00e3o tecidos que j\u00e1 n\u00e3o existem dispon\u00edveis \u00e0 venda em grande escala, fazendo assim com que sejam produtos especiais.<\/p>\n<!-- AddThis Advanced Settings generic via filter on the_content --><!-- AddThis Share Buttons generic via filter on the_content -->","protected":false},"excerpt":{"rendered":"<p>Lua Bueno Cyr\u00edaco Lua Bueno Cyr\u00edaco, tem 34 anos, \u00e9 nascida e criada em Bras\u00edlia, mas mora em Curitiba h\u00e1 quase 4 anos. \u00c9 casada e m\u00e3e de dois gatos. Formada em Artes Visuais (licenciatura), atualmente cursa letras japon\u00eas na UFPR. Em sua forma\u00e7\u00e3o, fez v\u00e1rios cursos da \u00e1rea de cinema (como argumento, roteiro e<\/p>\n<p class=\"more-link\"><a href=\"http:\/\/lunares.laboralivros.com\/?page_id=2\" class=\"themebutton\">Read More<\/a><\/p>\n<p><!-- AddThis Advanced Settings generic via filter on get_the_excerpt --><!-- AddThis Share Buttons generic via filter on get_the_excerpt --><\/p>\n","protected":false},"author":1,"featured_media":330,"parent":0,"menu_order":0,"comment_status":"closed","ping_status":"open","template":"","meta":{"_EventAllDay":false,"_EventTimezone":"","_EventStartDate":"","_EventEndDate":"","_EventStartDateUTC":"","_EventEndDateUTC":"","_EventShowMap":false,"_EventShowMapLink":false,"_EventURL":"","_EventCost":"","_EventCostDescription":"","_EventCurrencySymbol":"","_EventCurrencyPosition":"","_EventDateTimeSeparator":"","_EventTimeRangeSeparator":"","_EventOrganizerID":[],"_EventVenueID":0,"_OrganizerEmail":"","_OrganizerPhone":"","_OrganizerWebsite":"","_VenueAddress":"","_VenueCity":"","_VenueCountry":"","_VenueProvince":"","_VenueZip":"","_VenuePhone":"","_VenueURL":"","_VenueStateProvince":"","_VenueLat":"","_VenueLng":"","spay_email":""},"jetpack_sharing_enabled":true,"jetpack_shortlink":"https:\/\/wp.me\/PaxjFD-2","jetpack_likes_enabled":true,"_links":{"self":[{"href":"http:\/\/lunares.laboralivros.com\/index.php?rest_route=\/wp\/v2\/pages\/2"}],"collection":[{"href":"http:\/\/lunares.laboralivros.com\/index.php?rest_route=\/wp\/v2\/pages"}],"about":[{"href":"http:\/\/lunares.laboralivros.com\/index.php?rest_route=\/wp\/v2\/types\/page"}],"author":[{"embeddable":true,"href":"http:\/\/lunares.laboralivros.com\/index.php?rest_route=\/wp\/v2\/users\/1"}],"replies":[{"embeddable":true,"href":"http:\/\/lunares.laboralivros.com\/index.php?rest_route=%2Fwp%2Fv2%2Fcomments&post=2"}],"version-history":[{"count":3,"href":"http:\/\/lunares.laboralivros.com\/index.php?rest_route=\/wp\/v2\/pages\/2\/revisions"}],"predecessor-version":[{"id":347,"href":"http:\/\/lunares.laboralivros.com\/index.php?rest_route=\/wp\/v2\/pages\/2\/revisions\/347"}],"wp:featuredmedia":[{"embeddable":true,"href":"http:\/\/lunares.laboralivros.com\/index.php?rest_route=\/wp\/v2\/media\/330"}],"wp:attachment":[{"href":"http:\/\/lunares.laboralivros.com\/index.php?rest_route=%2Fwp%2Fv2%2Fmedia&parent=2"}],"curies":[{"name":"wp","href":"https:\/\/api.w.org\/{rel}","templated":true}]}}