{"id":275,"date":"2021-03-03T20:26:12","date_gmt":"2021-03-03T20:26:12","guid":{"rendered":"http:\/\/lunares.laboralivros.com\/?page_id=275"},"modified":"2021-03-04T02:09:52","modified_gmt":"2021-03-04T02:09:52","slug":"aulas-de-arte","status":"publish","type":"page","link":"http:\/\/lunares.laboralivros.com\/?page_id=275","title":{"rendered":"Aulas de arte"},"content":{"rendered":"\n<p><strong>Criar \u00e9 preciso<\/strong><\/p>\n\n\n\n<p>Muitas vezes, fazemos as mesmas coisas todos os dias e,\nisso, por mais que n\u00e3o seja evidente, nos limita e limita nosso mundo.<\/p>\n\n\n\n<p>Mas, n\u00e3o precisa ser assim, podemos nos relacionar com a\nvida, com as outras pessoas e com n\u00f3s mesmos de um jeito diferente e melhor,\nestimulando nossa sensibilidade e percep\u00e7\u00e3o, por meio da nossa criatividade.<\/p>\n\n\n\n<p>Desenhar \u00e9 a maneira mais pessoal e criativa que usamos para\nexpressar aquilo que sentimos, desde a inf\u00e2ncia. Ao longo da vida, nosso\ntalento pode adormecer, mas ele continua em n\u00f3s, pronto para ser despertado.<\/p>\n\n\n\n<p>Resgat\u00e1-lo nos adultos e cultiv\u00e1-lo nas crian\u00e7as \u00e9 uma necessidade fundamental para uma vida cheia de possibilidades.<\/p>\n\n\n\n<div class=\"wp-block-columns has-2-columns\">\n<div class=\"wp-block-column\">\n<p><strong>O que as crian\u00e7as aprendem?<\/strong><\/p>\n\n\n\n<p>Diversos estilos como desenho realista, cartoon e mang\u00e1.<\/p>\n\n\n\n<p>Habilidades motoras, observa\u00e7\u00e3o e compreens\u00e3o do espa\u00e7o.<\/p>\n<\/div>\n\n\n\n<div class=\"wp-block-column\">\n<p><strong>E os adultos?<\/strong><\/p>\n\n\n\n<p>Acompanhamento para recuperar e desenvolver suas habilidades,\naprendendo novas t\u00e9cnicas de acordo com seu interesse, seja na pintura, desenho\nou croqui de moda.<\/p>\n<\/div>\n<\/div>\n\n\n\n<p><strong>Ateli\u00ea livre<\/strong><\/p>\n\n\n\n<p>N\u00e3o \u00e9 apenas m\u00e9todo que faz com que a criatividade flua, o contato com diferentes t\u00e9cnicas e pessoas \u00e9 indispens\u00e1vel para que se desenvolva a criatividade. Com esse formato, conseguimos investir no aprendizado de t\u00e9cnicas necess\u00e1rias e tamb\u00e9m das que os alunos mais gostam e t\u00eam interesse, por meio da troca de experi\u00eancias.<\/p>\n\n\n<div class=\"wc-block-grid wp-block-handpicked-products wc-block-handpicked-products has-1-columns has-multiple-rows\"><ul class=\"wc-block-grid__products\"><li class=\"wc-block-grid__product\">\n\t\t\t\t<a href=\"http:\/\/lunares.laboralivros.com\/?product=matricula-para-aula-de-artes\" class=\"wc-block-grid__product-link\">\n\t\t\t\t\t<div class=\"wc-block-grid__product-image\"><img width=\"300\" height=\"300\" src=\"https:\/\/i1.wp.com\/lunares.laboralivros.com\/wp-content\/uploads\/2021\/03\/produto-matriculas-desenho.jpg?resize=300%2C300\" class=\"attachment-woocommerce_thumbnail size-woocommerce_thumbnail\" alt=\"\" loading=\"lazy\" srcset=\"https:\/\/i1.wp.com\/lunares.laboralivros.com\/wp-content\/uploads\/2021\/03\/produto-matriculas-desenho.jpg?w=500 500w, https:\/\/i1.wp.com\/lunares.laboralivros.com\/wp-content\/uploads\/2021\/03\/produto-matriculas-desenho.jpg?resize=150%2C150 150w, https:\/\/i1.wp.com\/lunares.laboralivros.com\/wp-content\/uploads\/2021\/03\/produto-matriculas-desenho.jpg?resize=300%2C300 300w, https:\/\/i1.wp.com\/lunares.laboralivros.com\/wp-content\/uploads\/2021\/03\/produto-matriculas-desenho.jpg?resize=120%2C120 120w, https:\/\/i1.wp.com\/lunares.laboralivros.com\/wp-content\/uploads\/2021\/03\/produto-matriculas-desenho.jpg?resize=105%2C105 105w, https:\/\/i1.wp.com\/lunares.laboralivros.com\/wp-content\/uploads\/2021\/03\/produto-matriculas-desenho.jpg?resize=380%2C380 380w, https:\/\/i1.wp.com\/lunares.laboralivros.com\/wp-content\/uploads\/2021\/03\/produto-matriculas-desenho.jpg?resize=285%2C285 285w, https:\/\/i1.wp.com\/lunares.laboralivros.com\/wp-content\/uploads\/2021\/03\/produto-matriculas-desenho.jpg?resize=100%2C100 100w\" sizes=\"(max-width: 300px) 100vw, 300px\" \/><\/div>\n\t\t\t\t\t<div class=\"wc-block-grid__product-title\">Matr\u00edcula para aula de desenho\/pintura<\/div>\n\t\t\t\t<\/a>\n\t\t\t\t\n\t\t\t\t<div class=\"wc-block-grid__product-price price\"><span class=\"woocommerce-Price-amount amount\"><bdi><span class=\"woocommerce-Price-currencySymbol\">&#82;&#36;<\/span>10,00<\/bdi><\/span> &ndash; <span class=\"woocommerce-Price-amount amount\"><bdi><span class=\"woocommerce-Price-currencySymbol\">&#82;&#36;<\/span>15,00<\/bdi><\/span><\/div>\n\t\t\t\t\n\t\t\t\t<div class=\"wp-block-button wc-block-grid__product-add-to-cart\"><a href=\"http:\/\/lunares.laboralivros.com\/?product=matricula-para-aula-de-artes\" aria-label=\"Selecione as op\u00e7\u00f5es para &ldquo;Matr\u00edcula para aula de desenho\/pintura&rdquo;\" data-quantity=\"1\" data-product_id=\"245\" data-product_sku=\"\" rel=\"nofollow\" class=\"wp-block-button__link add_to_cart_button\">Ver op\u00e7\u00f5es<\/a><\/div>\n\t\t\t<\/li><\/ul><\/div>\n\n\n<p><strong>PROFESSORA<\/strong><\/p>\n\n\n\n<p>Lua Bueno Cyr\u00edaco \u00e9 formada em Artes Visuais (licenciatura) e d\u00e1 aulas de desenho desde 2010, j\u00e1 tendo passado por v\u00e1rias escolas e ateli\u00eas em Bras\u00edlia e oferece aulas desde 2016 em Curitiba e S\u00e3o Jos\u00e9 dos Pinhais.<\/p>\n\n\n\n<p>Em sua forma\u00e7\u00e3o, fez v\u00e1rios cursos da \u00e1rea de cinema (como argumento, roteiro e dire\u00e7\u00e3o cinematogr\u00e1fica), alguns de fotografia, e tem experi\u00eancia de mais de cinco anos no desenvolvimento de atividades de arte educa\u00e7\u00e3o voltadas para espa\u00e7os de galeria e museus (j\u00e1 tendo trabalhado no Museu Nacional da Republica, FUNARTE, Caixa Cultural, Museu nacional dos Correios e CCBB).<\/p>\n\n\n\n<p><strong><a href=\"http:\/\/luabueno.laboralivros.com\/pagina-exemplo\/\">Saiba mais do curr\u00edculo aqui.<\/a><\/strong><\/p>\n<!-- AddThis Advanced Settings generic via filter on the_content --><!-- AddThis Share Buttons generic via filter on the_content -->","protected":false},"excerpt":{"rendered":"<p>Criar \u00e9 preciso Muitas vezes, fazemos as mesmas coisas todos os dias e, isso, por mais que n\u00e3o seja evidente, nos limita e limita nosso mundo. Mas, n\u00e3o precisa ser assim, podemos nos relacionar com a vida, com as outras pessoas e com n\u00f3s mesmos de um jeito diferente e melhor, estimulando nossa sensibilidade e<\/p>\n<p class=\"more-link\"><a href=\"http:\/\/lunares.laboralivros.com\/?page_id=275\" class=\"themebutton\">Read More<\/a><\/p>\n<p><!-- AddThis Advanced Settings generic via filter on get_the_excerpt --><!-- AddThis Share Buttons generic via filter on get_the_excerpt --><\/p>\n","protected":false},"author":1,"featured_media":310,"parent":0,"menu_order":0,"comment_status":"closed","ping_status":"closed","template":"","meta":{"_EventAllDay":false,"_EventTimezone":"","_EventStartDate":"","_EventEndDate":"","_EventStartDateUTC":"","_EventEndDateUTC":"","_EventShowMap":false,"_EventShowMapLink":false,"_EventURL":"","_EventCost":"","_EventCostDescription":"","_EventCurrencySymbol":"","_EventCurrencyPosition":"","_EventDateTimeSeparator":"","_EventTimeRangeSeparator":"","_EventOrganizerID":[],"_EventVenueID":0,"_OrganizerEmail":"","_OrganizerPhone":"","_OrganizerWebsite":"","_VenueAddress":"","_VenueCity":"","_VenueCountry":"","_VenueProvince":"","_VenueZip":"","_VenuePhone":"","_VenueURL":"","_VenueStateProvince":"","_VenueLat":"","_VenueLng":"","spay_email":""},"jetpack_sharing_enabled":true,"jetpack_shortlink":"https:\/\/wp.me\/PaxjFD-4r","jetpack_likes_enabled":true,"_links":{"self":[{"href":"http:\/\/lunares.laboralivros.com\/index.php?rest_route=\/wp\/v2\/pages\/275"}],"collection":[{"href":"http:\/\/lunares.laboralivros.com\/index.php?rest_route=\/wp\/v2\/pages"}],"about":[{"href":"http:\/\/lunares.laboralivros.com\/index.php?rest_route=\/wp\/v2\/types\/page"}],"author":[{"embeddable":true,"href":"http:\/\/lunares.laboralivros.com\/index.php?rest_route=\/wp\/v2\/users\/1"}],"replies":[{"embeddable":true,"href":"http:\/\/lunares.laboralivros.com\/index.php?rest_route=%2Fwp%2Fv2%2Fcomments&post=275"}],"version-history":[{"count":2,"href":"http:\/\/lunares.laboralivros.com\/index.php?rest_route=\/wp\/v2\/pages\/275\/revisions"}],"predecessor-version":[{"id":345,"href":"http:\/\/lunares.laboralivros.com\/index.php?rest_route=\/wp\/v2\/pages\/275\/revisions\/345"}],"wp:featuredmedia":[{"embeddable":true,"href":"http:\/\/lunares.laboralivros.com\/index.php?rest_route=\/wp\/v2\/media\/310"}],"wp:attachment":[{"href":"http:\/\/lunares.laboralivros.com\/index.php?rest_route=%2Fwp%2Fv2%2Fmedia&parent=275"}],"curies":[{"name":"wp","href":"https:\/\/api.w.org\/{rel}","templated":true}]}}