{"id":1078,"date":"2021-03-05T00:46:30","date_gmt":"2021-03-05T00:46:30","guid":{"rendered":"http:\/\/lunares.laboralivros.com\/?post_type=product&#038;p=1078"},"modified":"2021-03-05T00:46:31","modified_gmt":"2021-03-05T00:46:31","slug":"aula-de-desenho-manga-online-ao-vivo","status":"publish","type":"product","link":"http:\/\/lunares.laboralivros.com\/?product=aula-de-desenho-manga-online-ao-vivo","title":{"rendered":"Aula de desenho mang\u00e1 online (ao vivo)"},"content":{"rendered":"<p>Aula de desenho estilo japon\u00eas, mais conhecido como mang\u00e1 (ou anime).<\/p>\n<p>Destinados a todas as idades a partir dos 8 anos. As aulas tem 1h de dura\u00e7\u00e3o e s\u00e3o feitas 1 vez na semana, em dia e hor\u00e1rios fixos a combinar diretamente com a professora.<\/p>\n<p>Esta aula \u00e9 particular, tendo o aluno a dedica\u00e7\u00e3o exclusiva da professora, al\u00e9m do uso de apostila pr\u00f3pria.<\/p>\n<!-- AddThis Advanced Settings generic via filter on the_content --><!-- AddThis Share Buttons generic via filter on the_content --><div class=\"sharedaddy sd-sharing-enabled\"><div class=\"robots-nocontent sd-block sd-social sd-social-official sd-sharing\"><h3 class=\"sd-title\">Share this:<\/h3><div class=\"sd-content\"><ul><li class=\"share-facebook\"><div class=\"fb-share-button\" data-href=\"http:\/\/lunares.laboralivros.com\/?product=aula-de-desenho-manga-online-ao-vivo\" data-layout=\"button_count\"><\/div><\/li><li class=\"share-twitter\"><a href=\"https:\/\/twitter.com\/share\" class=\"twitter-share-button\" data-url=\"http:\/\/lunares.laboralivros.com\/?product=aula-de-desenho-manga-online-ao-vivo\" data-text=\"Aula de desenho mang\u00e1 online (ao vivo)\" data-via=\"LuaCyriaco\" >Tweet<\/a><\/li><li class=\"share-jetpack-whatsapp\"><a rel=\"nofollow noopener noreferrer\" data-shared=\"\" class=\"share-jetpack-whatsapp sd-button\" href=\"http:\/\/lunares.laboralivros.com\/?product=aula-de-desenho-manga-online-ao-vivo&amp;share=jetpack-whatsapp\" target=\"_blank\" title=\"Clique para compartilhar no WhatsApp\"><span>WhatsApp<\/span><\/a><\/li><li class=\"share-end\"><\/li><\/ul><\/div><\/div><\/div>","protected":false},"excerpt":{"rendered":"<p>Aula de desenho estilo japon\u00eas, mais conhecido como mang\u00e1 (ou anime).<\/p>\n<p>Destinados a todas as idades a partir dos 8 anos. As aulas tem 1h de dura\u00e7\u00e3o e s\u00e3o feitas 1 vez na semana, em dia e hor\u00e1rios fixos a combinar diretamente com a professora.<\/p>\n<p>Esta aula \u00e9 particular, tendo o aluno a dedica\u00e7\u00e3o exclusiva da professora, al\u00e9m do uso de apostila pr\u00f3pria.<!-- AddThis Advanced Settings generic via filter on get_the_excerpt --><!-- AddThis Share Buttons generic via filter on get_the_excerpt --><\/p>\n<div class=\"sharedaddy sd-sharing-enabled\"><div class=\"robots-nocontent sd-block sd-social sd-social-official sd-sharing\"><h3 class=\"sd-title\">Share this:<\/h3><div class=\"sd-content\"><ul><li class=\"share-facebook\"><div class=\"fb-share-button\" data-href=\"http:\/\/lunares.laboralivros.com\/?product=aula-de-desenho-manga-online-ao-vivo\" data-layout=\"button_count\"><\/div><\/li><li class=\"share-twitter\"><a href=\"https:\/\/twitter.com\/share\" class=\"twitter-share-button\" data-url=\"http:\/\/lunares.laboralivros.com\/?product=aula-de-desenho-manga-online-ao-vivo\" data-text=\"Aula de desenho mang\u00e1 online (ao vivo)\" data-via=\"LuaCyriaco\" >Tweet<\/a><\/li><li class=\"share-jetpack-whatsapp\"><a rel=\"nofollow noopener noreferrer\" data-shared=\"\" class=\"share-jetpack-whatsapp sd-button\" href=\"http:\/\/lunares.laboralivros.com\/?product=aula-de-desenho-manga-online-ao-vivo&amp;share=jetpack-whatsapp\" target=\"_blank\" title=\"Clique para compartilhar no WhatsApp\"><span>WhatsApp<\/span><\/a><\/li><li class=\"share-end\"><\/li><\/ul><\/div><\/div><\/div>","protected":false},"featured_media":336,"comment_status":"open","ping_status":"closed","template":"","meta":{"_EventAllDay":false,"_EventTimezone":"","_EventStartDate":"","_EventEndDate":"","_EventStartDateUTC":"","_EventEndDateUTC":"","_EventShowMap":false,"_EventShowMapLink":false,"_EventURL":"","_EventCost":"","_EventCostDescription":"","_EventCurrencySymbol":"","_EventCurrencyPosition":"","_EventDateTimeSeparator":"","_EventTimeRangeSeparator":"","_EventOrganizerID":[],"_EventVenueID":0,"_OrganizerEmail":"","_OrganizerPhone":"","_OrganizerWebsite":"","_VenueAddress":"","_VenueCity":"","_VenueCountry":"","_VenueProvince":"","_VenueZip":"","_VenuePhone":"","_VenueURL":"","_VenueStateProvince":"","_VenueLat":"","_VenueLng":"","spay_email":"","jetpack_publicize_message":"","jetpack_is_tweetstorm":false},"jetpack_publicize_connections":[],"jetpack_sharing_enabled":true,"jetpack_likes_enabled":true,"_links":{"self":[{"href":"http:\/\/lunares.laboralivros.com\/index.php?rest_route=\/wp\/v2\/product\/1078"}],"collection":[{"href":"http:\/\/lunares.laboralivros.com\/index.php?rest_route=\/wp\/v2\/product"}],"about":[{"href":"http:\/\/lunares.laboralivros.com\/index.php?rest_route=\/wp\/v2\/types\/product"}],"replies":[{"embeddable":true,"href":"http:\/\/lunares.laboralivros.com\/index.php?rest_route=%2Fwp%2Fv2%2Fcomments&post=1078"}],"wp:featuredmedia":[{"embeddable":true,"href":"http:\/\/lunares.laboralivros.com\/index.php?rest_route=\/wp\/v2\/media\/336"}],"wp:attachment":[{"href":"http:\/\/lunares.laboralivros.com\/index.php?rest_route=%2Fwp%2Fv2%2Fmedia&parent=1078"}],"curies":[{"name":"wp","href":"https:\/\/api.w.org\/{rel}","templated":true}]}}