{"id":1088,"date":"2021-03-05T01:08:41","date_gmt":"2021-03-05T01:08:41","guid":{"rendered":"http:\/\/lunares.laboralivros.com\/?post_type=product&#038;p=1088"},"modified":"2025-08-12T16:09:37","modified_gmt":"2025-08-12T16:09:37","slug":"minicurso-chibi","status":"publish","type":"product","link":"http:\/\/lunares.laboralivros.com\/?product=minicurso-chibi","title":{"rendered":"Minicurso: Chibi"},"content":{"rendered":"<p>A proposta \u00e9 aprender a desenhar um chibi, um tipo de desenho que deforma as propor\u00e7\u00f5es, deixando os personagens com uma apar\u00eancia mais fofa (algumas vezes infantil), um recurso muit\u00edssimo usado e apreciado pelos f\u00e3s do g\u00eanero. \u00c9 muito comum se fazer caricaturas de pessoas utilizando esse estilo.<\/p>\n<!-- AddThis Advanced Settings generic via filter on the_content --><!-- AddThis Share Buttons generic via filter on the_content --><div class=\"sharedaddy sd-sharing-enabled\"><div class=\"robots-nocontent sd-block sd-social sd-social-official sd-sharing\"><h3 class=\"sd-title\">Share this:<\/h3><div class=\"sd-content\"><ul><li class=\"share-facebook\"><div class=\"fb-share-button\" data-href=\"http:\/\/lunares.laboralivros.com\/?product=minicurso-chibi\" data-layout=\"button_count\"><\/div><\/li><li class=\"share-twitter\"><a href=\"https:\/\/twitter.com\/share\" class=\"twitter-share-button\" data-url=\"http:\/\/lunares.laboralivros.com\/?product=minicurso-chibi\" data-text=\"Minicurso: Chibi\" data-via=\"LuaCyriaco\" >Tweet<\/a><\/li><li class=\"share-jetpack-whatsapp\"><a rel=\"nofollow noopener noreferrer\" data-shared=\"\" class=\"share-jetpack-whatsapp sd-button\" href=\"http:\/\/lunares.laboralivros.com\/?product=minicurso-chibi&amp;share=jetpack-whatsapp\" target=\"_blank\" title=\"Clique para compartilhar no WhatsApp\"><span>WhatsApp<\/span><\/a><\/li><li class=\"share-end\"><\/li><\/ul><\/div><\/div><\/div>","protected":false},"excerpt":{"rendered":"<p>A proposta \u00e9 aprender a desenhar um chibi, um tipo de desenho que deforma as propor\u00e7\u00f5es, deixando os personagens com uma apar\u00eancia mais fofa (algumas vezes infantil), um recurso muit\u00edssimo usado e apreciado pelos f\u00e3s do g\u00eanero. \u00c9 muito comum se fazer caricaturas de pessoas utilizando esse estilo.<!-- AddThis Advanced Settings generic via filter on get_the_excerpt --><!-- AddThis Share Buttons generic via filter on get_the_excerpt --><\/p>\n<div class=\"sharedaddy sd-sharing-enabled\"><div class=\"robots-nocontent sd-block sd-social sd-social-official sd-sharing\"><h3 class=\"sd-title\">Share this:<\/h3><div class=\"sd-content\"><ul><li class=\"share-facebook\"><div class=\"fb-share-button\" data-href=\"http:\/\/lunares.laboralivros.com\/?product=minicurso-chibi\" data-layout=\"button_count\"><\/div><\/li><li class=\"share-twitter\"><a href=\"https:\/\/twitter.com\/share\" class=\"twitter-share-button\" data-url=\"http:\/\/lunares.laboralivros.com\/?product=minicurso-chibi\" data-text=\"Minicurso: Chibi\" data-via=\"LuaCyriaco\" >Tweet<\/a><\/li><li class=\"share-jetpack-whatsapp\"><a rel=\"nofollow noopener noreferrer\" data-shared=\"\" class=\"share-jetpack-whatsapp sd-button\" href=\"http:\/\/lunares.laboralivros.com\/?product=minicurso-chibi&amp;share=jetpack-whatsapp\" target=\"_blank\" title=\"Clique para compartilhar no WhatsApp\"><span>WhatsApp<\/span><\/a><\/li><li class=\"share-end\"><\/li><\/ul><\/div><\/div><\/div>","protected":false},"featured_media":1091,"comment_status":"open","ping_status":"closed","template":"","meta":{"_EventAllDay":false,"_EventTimezone":"","_EventStartDate":"","_EventEndDate":"","_EventStartDateUTC":"","_EventEndDateUTC":"","_EventShowMap":false,"_EventShowMapLink":false,"_EventURL":"","_EventCost":"","_EventCostDescription":"","_EventCurrencySymbol":"","_EventCurrencyPosition":"","_EventDateTimeSeparator":"","_EventTimeRangeSeparator":"","_EventOrganizerID":[],"_EventVenueID":0,"_OrganizerEmail":"","_OrganizerPhone":"","_OrganizerWebsite":"","_VenueAddress":"","_VenueCity":"","_VenueCountry":"","_VenueProvince":"","_VenueZip":"","_VenuePhone":"","_VenueURL":"","_VenueStateProvince":"","_VenueLat":"","_VenueLng":"","spay_email":"","jetpack_publicize_message":"","jetpack_is_tweetstorm":false},"jetpack_publicize_connections":[],"jetpack_sharing_enabled":true,"jetpack_likes_enabled":true,"_links":{"self":[{"href":"http:\/\/lunares.laboralivros.com\/index.php?rest_route=\/wp\/v2\/product\/1088"}],"collection":[{"href":"http:\/\/lunares.laboralivros.com\/index.php?rest_route=\/wp\/v2\/product"}],"about":[{"href":"http:\/\/lunares.laboralivros.com\/index.php?rest_route=\/wp\/v2\/types\/product"}],"replies":[{"embeddable":true,"href":"http:\/\/lunares.laboralivros.com\/index.php?rest_route=%2Fwp%2Fv2%2Fcomments&post=1088"}],"wp:featuredmedia":[{"embeddable":true,"href":"http:\/\/lunares.laboralivros.com\/index.php?rest_route=\/wp\/v2\/media\/1091"}],"wp:attachment":[{"href":"http:\/\/lunares.laboralivros.com\/index.php?rest_route=%2Fwp%2Fv2%2Fmedia&parent=1088"}],"curies":[{"name":"wp","href":"https:\/\/api.w.org\/{rel}","templated":true}]}}