{"id":1090,"date":"2021-03-05T01:15:44","date_gmt":"2021-03-05T01:15:44","guid":{"rendered":"http:\/\/lunares.laboralivros.com\/?post_type=product&#038;p=1090"},"modified":"2024-08-09T11:47:36","modified_gmt":"2024-08-09T11:47:36","slug":"minicurso-introducao-a-figura-humana","status":"publish","type":"product","link":"http:\/\/lunares.laboralivros.com\/?product=minicurso-introducao-a-figura-humana","title":{"rendered":"Minicurso: introdu\u00e7\u00e3o \u00e0 figura humana"},"content":{"rendered":"<p>Desenho \u00e9 basicamente uma composi\u00e7\u00e3o bidimensional (algo que tem duas dimens\u00f5es) constitu\u00edda por linhas, pontos e formas. \u00c9 uma forma de manifesta\u00e7\u00e3o da arte. O desenho envolve uma atitude do desenhista em rela\u00e7\u00e3o \u00e0 realidade: o desenhista pode desejar imitar a sua realidade sens\u00edvel, transform\u00e1-la ou criar uma nova realidade com as caracter\u00edsticas pr\u00f3prias de cria\u00e7\u00f5es da sua imagina\u00e7\u00e3o.<\/p>\n<p>Nesse curso, ser\u00e1 desenvolvida a t\u00e9cnica de introdu\u00e7\u00e3o ao desenho de figura humana.<\/p>\n<!-- AddThis Advanced Settings generic via filter on the_content --><!-- AddThis Share Buttons generic via filter on the_content --><div class=\"sharedaddy sd-sharing-enabled\"><div class=\"robots-nocontent sd-block sd-social sd-social-official sd-sharing\"><h3 class=\"sd-title\">Share this:<\/h3><div class=\"sd-content\"><ul><li class=\"share-facebook\"><div class=\"fb-share-button\" data-href=\"http:\/\/lunares.laboralivros.com\/?product=minicurso-introducao-a-figura-humana\" data-layout=\"button_count\"><\/div><\/li><li class=\"share-twitter\"><a href=\"https:\/\/twitter.com\/share\" class=\"twitter-share-button\" data-url=\"http:\/\/lunares.laboralivros.com\/?product=minicurso-introducao-a-figura-humana\" data-text=\"Minicurso: introdu\u00e7\u00e3o \u00e0 figura humana\" data-via=\"LuaCyriaco\" >Tweet<\/a><\/li><li class=\"share-jetpack-whatsapp\"><a rel=\"nofollow noopener noreferrer\" data-shared=\"\" class=\"share-jetpack-whatsapp sd-button\" href=\"http:\/\/lunares.laboralivros.com\/?product=minicurso-introducao-a-figura-humana&amp;share=jetpack-whatsapp\" target=\"_blank\" title=\"Clique para compartilhar no WhatsApp\"><span>WhatsApp<\/span><\/a><\/li><li class=\"share-end\"><\/li><\/ul><\/div><\/div><\/div>","protected":false},"excerpt":{"rendered":"<p>Desenho \u00e9 basicamente uma composi\u00e7\u00e3o bidimensional (algo que tem duas dimens\u00f5es) constitu\u00edda por linhas, pontos e formas. \u00c9 uma forma de manifesta\u00e7\u00e3o da arte. O desenho envolve uma atitude do desenhista em rela\u00e7\u00e3o \u00e0 realidade: o desenhista pode desejar imitar a sua realidade sens\u00edvel, transform\u00e1-la ou criar uma nova realidade com as caracter\u00edsticas pr\u00f3prias de cria\u00e7\u00f5es da sua imagina\u00e7\u00e3o.<\/p>\n<p>Nesse curso, ser\u00e1 desenvolvida a t\u00e9cnica de introdu\u00e7\u00e3o ao desenho de figura humana.<!-- AddThis Advanced Settings generic via filter on get_the_excerpt --><!-- AddThis Share Buttons generic via filter on get_the_excerpt --><\/p>\n<div class=\"sharedaddy sd-sharing-enabled\"><div class=\"robots-nocontent sd-block sd-social sd-social-official sd-sharing\"><h3 class=\"sd-title\">Share this:<\/h3><div class=\"sd-content\"><ul><li class=\"share-facebook\"><div class=\"fb-share-button\" data-href=\"http:\/\/lunares.laboralivros.com\/?product=minicurso-introducao-a-figura-humana\" data-layout=\"button_count\"><\/div><\/li><li class=\"share-twitter\"><a href=\"https:\/\/twitter.com\/share\" class=\"twitter-share-button\" data-url=\"http:\/\/lunares.laboralivros.com\/?product=minicurso-introducao-a-figura-humana\" data-text=\"Minicurso: introdu\u00e7\u00e3o \u00e0 figura humana\" data-via=\"LuaCyriaco\" >Tweet<\/a><\/li><li class=\"share-jetpack-whatsapp\"><a rel=\"nofollow noopener noreferrer\" data-shared=\"\" class=\"share-jetpack-whatsapp sd-button\" href=\"http:\/\/lunares.laboralivros.com\/?product=minicurso-introducao-a-figura-humana&amp;share=jetpack-whatsapp\" target=\"_blank\" title=\"Clique para compartilhar no WhatsApp\"><span>WhatsApp<\/span><\/a><\/li><li class=\"share-end\"><\/li><\/ul><\/div><\/div><\/div>","protected":false},"featured_media":1092,"comment_status":"open","ping_status":"closed","template":"","meta":{"_EventAllDay":false,"_EventTimezone":"","_EventStartDate":"","_EventEndDate":"","_EventStartDateUTC":"","_EventEndDateUTC":"","_EventShowMap":false,"_EventShowMapLink":false,"_EventURL":"","_EventCost":"","_EventCostDescription":"","_EventCurrencySymbol":"","_EventCurrencyPosition":"","_EventDateTimeSeparator":"","_EventTimeRangeSeparator":"","_EventOrganizerID":[],"_EventVenueID":0,"_OrganizerEmail":"","_OrganizerPhone":"","_OrganizerWebsite":"","_VenueAddress":"","_VenueCity":"","_VenueCountry":"","_VenueProvince":"","_VenueZip":"","_VenuePhone":"","_VenueURL":"","_VenueStateProvince":"","_VenueLat":"","_VenueLng":"","spay_email":"","jetpack_publicize_message":"","jetpack_is_tweetstorm":false},"jetpack_publicize_connections":[],"jetpack_sharing_enabled":true,"jetpack_likes_enabled":true,"_links":{"self":[{"href":"http:\/\/lunares.laboralivros.com\/index.php?rest_route=\/wp\/v2\/product\/1090"}],"collection":[{"href":"http:\/\/lunares.laboralivros.com\/index.php?rest_route=\/wp\/v2\/product"}],"about":[{"href":"http:\/\/lunares.laboralivros.com\/index.php?rest_route=\/wp\/v2\/types\/product"}],"replies":[{"embeddable":true,"href":"http:\/\/lunares.laboralivros.com\/index.php?rest_route=%2Fwp%2Fv2%2Fcomments&post=1090"}],"wp:featuredmedia":[{"embeddable":true,"href":"http:\/\/lunares.laboralivros.com\/index.php?rest_route=\/wp\/v2\/media\/1092"}],"wp:attachment":[{"href":"http:\/\/lunares.laboralivros.com\/index.php?rest_route=%2Fwp%2Fv2%2Fmedia&parent=1090"}],"curies":[{"name":"wp","href":"https:\/\/api.w.org\/{rel}","templated":true}]}}