{"id":210,"date":"2019-05-19T20:57:11","date_gmt":"2019-05-19T20:57:11","guid":{"rendered":"http:\/\/lunares.laboralivros.com\/?post_type=product&#038;p=210"},"modified":"2024-11-11T04:01:25","modified_gmt":"2024-11-11T04:01:25","slug":"infinity-agenda-permanente","status":"publish","type":"product","link":"http:\/\/lunares.laboralivros.com\/?product=infinity-agenda-permanente","title":{"rendered":"&#8220;Infinity&#8221; &#8211; agenda permanente"},"content":{"rendered":"<p>Voc\u00ea gosta de agendas fofas? Bem, ent\u00e3o aproveite o presentinho que a Lunares preparou para voc\u00ea \ud83d\ude09<\/p>\n<p>Nesta agenda estrelada, voc\u00ea tem todos os dias do ano, algumas p\u00e1ginas extras e um resuminho do m\u00eas antes do come\u00e7o de cada um deles. E tudo em fofas p\u00e1ginas de bullet.<\/p>\n<p>Voc\u00ea pode imprimir em casa ou usar arquivo para imprimir em gr\u00e1fica \ud83d\ude09<\/p>\n<!-- AddThis Advanced Settings generic via filter on the_content --><!-- AddThis Share Buttons generic via filter on the_content --><div class=\"sharedaddy sd-sharing-enabled\"><div class=\"robots-nocontent sd-block sd-social sd-social-official sd-sharing\"><h3 class=\"sd-title\">Share this:<\/h3><div class=\"sd-content\"><ul><li class=\"share-facebook\"><div class=\"fb-share-button\" data-href=\"http:\/\/lunares.laboralivros.com\/?product=infinity-agenda-permanente\" data-layout=\"button_count\"><\/div><\/li><li class=\"share-twitter\"><a href=\"https:\/\/twitter.com\/share\" class=\"twitter-share-button\" data-url=\"http:\/\/lunares.laboralivros.com\/?product=infinity-agenda-permanente\" data-text=\"&quot;Infinity&quot; - agenda permanente\" data-via=\"LuaCyriaco\" >Tweet<\/a><\/li><li class=\"share-jetpack-whatsapp\"><a rel=\"nofollow noopener noreferrer\" data-shared=\"\" class=\"share-jetpack-whatsapp sd-button\" href=\"http:\/\/lunares.laboralivros.com\/?product=infinity-agenda-permanente&amp;share=jetpack-whatsapp\" target=\"_blank\" title=\"Clique para compartilhar no WhatsApp\"><span>WhatsApp<\/span><\/a><\/li><li class=\"share-end\"><\/li><\/ul><\/div><\/div><\/div>","protected":false},"excerpt":{"rendered":"<p>Voc\u00ea gosta de agendas fofas? Bem, ent\u00e3o aproveite o presentinho que a Lunares preparou para voc\u00ea \ud83d\ude09<\/p>\n<p>Nesta agenda estrelada, voc\u00ea tem todos os dias do ano, algumas p\u00e1ginas extras e um resuminho do m\u00eas antes do come\u00e7o de cada um deles. E tudo em fofas p\u00e1ginas de bullet.<\/p>\n<p>Voc\u00ea pode imprimir em casa ou usar arquivo para imprimir em gr\u00e1fica \ud83d\ude09<!-- AddThis Advanced Settings generic via filter on get_the_excerpt --><!-- AddThis Share Buttons generic via filter on get_the_excerpt --><\/p>\n<div class=\"sharedaddy sd-sharing-enabled\"><div class=\"robots-nocontent sd-block sd-social sd-social-official sd-sharing\"><h3 class=\"sd-title\">Share this:<\/h3><div class=\"sd-content\"><ul><li class=\"share-facebook\"><div class=\"fb-share-button\" data-href=\"http:\/\/lunares.laboralivros.com\/?product=infinity-agenda-permanente\" data-layout=\"button_count\"><\/div><\/li><li class=\"share-twitter\"><a href=\"https:\/\/twitter.com\/share\" class=\"twitter-share-button\" data-url=\"http:\/\/lunares.laboralivros.com\/?product=infinity-agenda-permanente\" data-text=\"&quot;Infinity&quot; - agenda permanente\" data-via=\"LuaCyriaco\" >Tweet<\/a><\/li><li class=\"share-jetpack-whatsapp\"><a rel=\"nofollow noopener noreferrer\" data-shared=\"\" class=\"share-jetpack-whatsapp sd-button\" href=\"http:\/\/lunares.laboralivros.com\/?product=infinity-agenda-permanente&amp;share=jetpack-whatsapp\" target=\"_blank\" title=\"Clique para compartilhar no WhatsApp\"><span>WhatsApp<\/span><\/a><\/li><li class=\"share-end\"><\/li><\/ul><\/div><\/div><\/div>","protected":false},"featured_media":208,"comment_status":"open","ping_status":"closed","template":"","meta":{"_EventAllDay":false,"_EventTimezone":"","_EventStartDate":"","_EventEndDate":"","_EventStartDateUTC":"","_EventEndDateUTC":"","_EventShowMap":false,"_EventShowMapLink":false,"_EventURL":"","_EventCost":"","_EventCostDescription":"","_EventCurrencySymbol":"","_EventCurrencyPosition":"","_EventDateTimeSeparator":"","_EventTimeRangeSeparator":"","_EventOrganizerID":[],"_EventVenueID":0,"_OrganizerEmail":"","_OrganizerPhone":"","_OrganizerWebsite":"","_VenueAddress":"","_VenueCity":"","_VenueCountry":"","_VenueProvince":"","_VenueZip":"","_VenuePhone":"","_VenueURL":"","_VenueStateProvince":"","_VenueLat":"","_VenueLng":"","spay_email":"","jetpack_publicize_message":"","jetpack_is_tweetstorm":false},"jetpack_publicize_connections":[],"jetpack_sharing_enabled":true,"jetpack_likes_enabled":true,"_links":{"self":[{"href":"http:\/\/lunares.laboralivros.com\/index.php?rest_route=\/wp\/v2\/product\/210"}],"collection":[{"href":"http:\/\/lunares.laboralivros.com\/index.php?rest_route=\/wp\/v2\/product"}],"about":[{"href":"http:\/\/lunares.laboralivros.com\/index.php?rest_route=\/wp\/v2\/types\/product"}],"replies":[{"embeddable":true,"href":"http:\/\/lunares.laboralivros.com\/index.php?rest_route=%2Fwp%2Fv2%2Fcomments&post=210"}],"wp:featuredmedia":[{"embeddable":true,"href":"http:\/\/lunares.laboralivros.com\/index.php?rest_route=\/wp\/v2\/media\/208"}],"wp:attachment":[{"href":"http:\/\/lunares.laboralivros.com\/index.php?rest_route=%2Fwp%2Fv2%2Fmedia&parent=210"}],"curies":[{"name":"wp","href":"https:\/\/api.w.org\/{rel}","templated":true}]}}