{"id":245,"date":"2021-03-02T22:10:14","date_gmt":"2021-03-02T22:10:14","guid":{"rendered":"http:\/\/lunares.laboralivros.com\/?post_type=product&#038;p=245"},"modified":"2021-03-05T01:40:42","modified_gmt":"2021-03-05T01:40:42","slug":"matricula-para-aula-de-artes","status":"publish","type":"product","link":"http:\/\/lunares.laboralivros.com\/?product=matricula-para-aula-de-artes","title":{"rendered":"Matr\u00edcula para aula de desenho\/pintura"},"content":{"rendered":"<p>Matriculas abertas para aulas regulares at\u00e9 dia 29 de mar\u00e7o de 2021. In\u00edcio das aulas a partir de 09 de Abril de 2021.<\/p>\n<p>VAGAS LIMITADAS! Em respeito \u00e0s regras de seguran\u00e7a e sa\u00fade p\u00fablica, o n\u00famero de alunos \u00e9 limitado. Seguimos as normas da OMS e mantemos os alunos em dist\u00e2ncia segura.<\/p>\n<p>A matr\u00edcula \u00e9 revertida para materiais de uso em aula.<\/p>\n<p><strong>INFANTIL (dos 7 aos 12 anos)<\/strong><br \/>\nNo modelo desenho livre, os alunos ir\u00e3o aprender as t\u00e9cnicas primordiais do desenho, bem como v\u00e1rios estilos como realista, cartoon, mang\u00e1<\/p>\n<p><em>Investimento mensal de R$100<\/em><\/p>\n<p><strong>ADULTO (a partir dos 13)<\/strong><br \/>\nNo modelo &#8220;Ateli\u00ea livre&#8221; aqui os alunos ir\u00e3o aprender e desenvolver o estilo que preferirem, pode ser croqui de moda, desenho livre, pintura \u00e0 \u00f3leo&#8230; ah, e os materiais s\u00e3o inclusos (excetuando telas)<\/p>\n<p><em>Investimento mensal de R$120<\/em><\/p>\n<p>&nbsp;<\/p>\n<p><strong>LOCAL (verifique dia e hor\u00e1rio na escolha):<\/strong><br \/>\n<strong>Curitiba<\/strong> &#8211; R. Dr. Bley Zornig, 2615 (Espa\u00e7o Cultural Ortiz)<br \/>\n<strong>S\u00e3o Jos\u00e9 dos Pinhais<\/strong> &#8211; R. Joaquim In\u00e1cio de Souza, 600<\/p>\n<p>&nbsp;<\/p>\n<p><strong>PROFESSORA<\/strong><\/p>\n<p>Lua Bueno Cyr\u00edaco \u00e9 formada em Artes Visuais (licenciatura) e d\u00e1 aulas de desenho desde 2010, j\u00e1 tendo passado por v\u00e1rias escolas e ateli\u00eas em Bras\u00edlia e oferece aulas desde 2016 em Curitiba e S\u00e3o Jos\u00e9 dos Pinhais.<\/p>\n<p>Em sua forma\u00e7\u00e3o, fez v\u00e1rios cursos da \u00e1rea de cinema (como argumento, roteiro e dire\u00e7\u00e3o cinematogr\u00e1fica), alguns de fotografia, e tem experi\u00eancia de mais de cinco anos no desenvolvimento de atividades de arte educa\u00e7\u00e3o voltadas para espa\u00e7os de galeria e museus (j\u00e1 tendo trabalhado no Museu Nacional da Republica, FUNARTE, Caixa Cultural, Museu nacional dos Correios e CCBB).<\/p>\n<p><strong><a href=\"http:\/\/luabueno.laboralivros.com\/pagina-exemplo\/\">Saiba mais do curr\u00edculo aqui.<\/a><\/strong><\/p>\n<p>&nbsp;<\/p>\n<!-- AddThis Advanced Settings generic via filter on the_content --><!-- AddThis Share Buttons generic via filter on the_content --><div class=\"sharedaddy sd-sharing-enabled\"><div class=\"robots-nocontent sd-block sd-social sd-social-official sd-sharing\"><h3 class=\"sd-title\">Share this:<\/h3><div class=\"sd-content\"><ul><li class=\"share-facebook\"><div class=\"fb-share-button\" data-href=\"http:\/\/lunares.laboralivros.com\/?product=matricula-para-aula-de-artes\" data-layout=\"button_count\"><\/div><\/li><li class=\"share-twitter\"><a href=\"https:\/\/twitter.com\/share\" class=\"twitter-share-button\" data-url=\"http:\/\/lunares.laboralivros.com\/?product=matricula-para-aula-de-artes\" data-text=\"Matr\u00edcula para aula de desenho\/pintura\" data-via=\"LuaCyriaco\" >Tweet<\/a><\/li><li class=\"share-jetpack-whatsapp\"><a rel=\"nofollow noopener noreferrer\" data-shared=\"\" class=\"share-jetpack-whatsapp sd-button\" href=\"http:\/\/lunares.laboralivros.com\/?product=matricula-para-aula-de-artes&amp;share=jetpack-whatsapp\" target=\"_blank\" title=\"Clique para compartilhar no WhatsApp\"><span>WhatsApp<\/span><\/a><\/li><li class=\"share-end\"><\/li><\/ul><\/div><\/div><\/div>","protected":false},"excerpt":{"rendered":"<p>Matriculas abertas at\u00e9 dia 29 de mar\u00e7o de 2021. In\u00edcio das aulas a partir de 09 de Abril de 2021.<\/p>\n<p>VAGAS LIMITADAS! Em respeito \u00e0s regras de seguran\u00e7a e sa\u00fade p\u00fablica, o n\u00famero de alunos \u00e9 limitado. Seguimos as normas da OMS e mantemos os alunos em dist\u00e2ncia segura.<\/p>\n<p>A matr\u00edcula \u00e9 revertida para materiais de uso em aula.<\/p>\n<p><strong>INFANTIL (dos 7 aos 12 anos)<\/strong><br \/>\nNo modelo desenho livre, os alunos ir\u00e3o aprender as t\u00e9cnicas primordiais do desenho, bem como v\u00e1rios estilos como realista, cartoon, mang\u00e1<\/p>\n<p><em>Investimento mensal de R$100<\/em><\/p>\n<p><strong>ADULTO (a partir dos 13)<\/strong><br \/>\nNo modelo &#8220;Ateli\u00ea livre&#8221; aqui os alunos ir\u00e3o aprender e desenvolver o estilo que preferirem, pode ser croqui de moda, desenho livre, pintura \u00e0 \u00f3leo&#8230; ah, e os materiais s\u00e3o inclusos (excetuando telas)<\/p>\n<p><em>Investimento mensal de R$120<\/em><\/p>\n<p>&nbsp;<\/p>\n<p><strong>LOCAL (verifique dia e hor\u00e1rio na escolha):<\/strong><br \/>\n<strong>Curitiba<\/strong> &#8211; R. Dr. Bley Zornig, 2615 (Espa\u00e7o Cultural Ortiz)<br \/>\n<strong>S\u00e3o Jos\u00e9 dos Pinhais<\/strong> &#8211; R. Joaquim In\u00e1cio de Souza, 600<\/p>\n<p><strong>PROFESSORA<\/strong><\/p>\n<p>Lua Bueno Cyr\u00edaco \u00e9 formada em Artes Visuais (licenciatura) e d\u00e1 aulas de desenho desde 2010, j\u00e1 tendo passado por v\u00e1rias escolas e ateli\u00eas em Bras\u00edlia e oferece aulas desde 2016 em Curitiba e S\u00e3o Jos\u00e9 dos Pinhais.<\/p>\n<p>Em sua forma\u00e7\u00e3o, fez v\u00e1rios cursos da \u00e1rea de cinema (como argumento, roteiro e dire\u00e7\u00e3o cinematogr\u00e1fica), alguns de fotografia, e tem experi\u00eancia de mais de cinco anos no desenvolvimento de atividades de arte educa\u00e7\u00e3o voltadas para espa\u00e7os de galeria e museus (j\u00e1 tendo trabalhado no Museu Nacional da Republica, FUNARTE, Caixa Cultural, Museu nacional dos Correios e CCBB).<\/p>\n<p><strong><a href=\"http:\/\/luabueno.laboralivros.com\/pagina-exemplo\/\">Saiba mais do curr\u00edculo aqui.<\/a><\/strong><\/p>\n<p>&nbsp;<!-- AddThis Advanced Settings generic via filter on get_the_excerpt --><!-- AddThis Share Buttons generic via filter on get_the_excerpt --><\/p>\n<div class=\"sharedaddy sd-sharing-enabled\"><div class=\"robots-nocontent sd-block sd-social sd-social-official sd-sharing\"><h3 class=\"sd-title\">Share this:<\/h3><div class=\"sd-content\"><ul><li class=\"share-facebook\"><div class=\"fb-share-button\" data-href=\"http:\/\/lunares.laboralivros.com\/?product=matricula-para-aula-de-artes\" data-layout=\"button_count\"><\/div><\/li><li class=\"share-twitter\"><a href=\"https:\/\/twitter.com\/share\" class=\"twitter-share-button\" data-url=\"http:\/\/lunares.laboralivros.com\/?product=matricula-para-aula-de-artes\" data-text=\"Matr\u00edcula para aula de desenho\/pintura\" data-via=\"LuaCyriaco\" >Tweet<\/a><\/li><li class=\"share-jetpack-whatsapp\"><a rel=\"nofollow noopener noreferrer\" data-shared=\"\" class=\"share-jetpack-whatsapp sd-button\" href=\"http:\/\/lunares.laboralivros.com\/?product=matricula-para-aula-de-artes&amp;share=jetpack-whatsapp\" target=\"_blank\" title=\"Clique para compartilhar no WhatsApp\"><span>WhatsApp<\/span><\/a><\/li><li class=\"share-end\"><\/li><\/ul><\/div><\/div><\/div>","protected":false},"featured_media":341,"comment_status":"open","ping_status":"closed","template":"","meta":{"_EventAllDay":false,"_EventTimezone":"","_EventStartDate":"","_EventEndDate":"","_EventStartDateUTC":"","_EventEndDateUTC":"","_EventShowMap":false,"_EventShowMapLink":false,"_EventURL":"","_EventCost":"","_EventCostDescription":"","_EventCurrencySymbol":"","_EventCurrencyPosition":"","_EventDateTimeSeparator":"","_EventTimeRangeSeparator":"","_EventOrganizerID":[],"_EventVenueID":0,"_OrganizerEmail":"","_OrganizerPhone":"","_OrganizerWebsite":"","_VenueAddress":"","_VenueCity":"","_VenueCountry":"","_VenueProvince":"","_VenueZip":"","_VenuePhone":"","_VenueURL":"","_VenueStateProvince":"","_VenueLat":"","_VenueLng":"","spay_email":"","jetpack_publicize_message":"","jetpack_is_tweetstorm":false},"jetpack_publicize_connections":[],"jetpack_sharing_enabled":true,"jetpack_likes_enabled":true,"_links":{"self":[{"href":"http:\/\/lunares.laboralivros.com\/index.php?rest_route=\/wp\/v2\/product\/245"}],"collection":[{"href":"http:\/\/lunares.laboralivros.com\/index.php?rest_route=\/wp\/v2\/product"}],"about":[{"href":"http:\/\/lunares.laboralivros.com\/index.php?rest_route=\/wp\/v2\/types\/product"}],"replies":[{"embeddable":true,"href":"http:\/\/lunares.laboralivros.com\/index.php?rest_route=%2Fwp%2Fv2%2Fcomments&post=245"}],"wp:featuredmedia":[{"embeddable":true,"href":"http:\/\/lunares.laboralivros.com\/index.php?rest_route=\/wp\/v2\/media\/341"}],"wp:attachment":[{"href":"http:\/\/lunares.laboralivros.com\/index.php?rest_route=%2Fwp%2Fv2%2Fmedia&parent=245"}],"curies":[{"name":"wp","href":"https:\/\/api.w.org\/{rel}","templated":true}]}}