{"id":324,"date":"2021-03-04T01:02:12","date_gmt":"2021-03-04T01:02:12","guid":{"rendered":"http:\/\/lunares.laboralivros.com\/?post_type=product&#038;p=324"},"modified":"2025-07-15T05:50:18","modified_gmt":"2025-07-15T05:50:18","slug":"minicurso-encadernacao-japonesa","status":"publish","type":"product","link":"http:\/\/lunares.laboralivros.com\/?product=minicurso-encadernacao-japonesa","title":{"rendered":"Minicurso: encaderna\u00e7\u00e3o japonesa"},"content":{"rendered":"<p>A chamada encaderna\u00e7\u00e3o japonesa tem esse nome por se popularizado aqui com ele, mas sua origem vem na verdade da China. \u00c9 um tipo de encaderna\u00e7\u00e3o feita a centenas de anos.<\/p>\n<p>Diferente da encaderna\u00e7\u00e3o ocidental de livros, a encaderna\u00e7\u00e3o japonesa \u00e9 mais simples, n\u00e3o utiliza cola e possibilita um acabamento muito bonito, pois o fio fica \u00e0 mostra o que d\u00e1 margem para o trabalho com cores de fios diferentes.<\/p>\n<p>Neste minicurso o aluno ir\u00e1 aprender a fazer a encaderna\u00e7\u00e3o simples de 4 furos.<\/p>\n<p>Dura\u00e7\u00e3o: 2h<br \/>\nInvestimento: R$ 80 (material incluso)<\/p>\n<p><strong>LOCAL (verifique dia e hor\u00e1rio na escolha):<\/strong><br \/>\n<strong>S\u00e3o Jos\u00e9 dos Pinhais<\/strong> &#8211; R. Joaquim In\u00e1cio de Souza, 600<\/p>\n<p>&nbsp;<\/p>\n<p><strong>PROFESSORA<\/strong><\/p>\n<p>Lua Bueno Cyr\u00edaco \u00e9 formada em Artes Visuais (licenciatura) e d\u00e1 aulas de desenho desde 2010, j\u00e1 tendo passado por v\u00e1rias escolas e ateli\u00eas em Bras\u00edlia e oferece aulas desde 2016 em Curitiba e S\u00e3o Jos\u00e9 dos Pinhais. Pratica encaderna\u00e7\u00e3o desde 2016.<\/p>\n<p>Em sua forma\u00e7\u00e3o, fez v\u00e1rios cursos da \u00e1rea de cinema (como argumento, roteiro e dire\u00e7\u00e3o cinematogr\u00e1fica), alguns de fotografia, e tem experi\u00eancia de mais de cinco anos no desenvolvimento de atividades de arte educa\u00e7\u00e3o voltadas para espa\u00e7os de galeria e museus (j\u00e1 tendo trabalhado no Museu Nacional da Republica, FUNARTE, Caixa Cultural, Museu nacional dos Correios e CCBB).<\/p>\n<p><strong><a href=\"http:\/\/luabueno.laboralivros.com\/pagina-exemplo\/\">Saiba mais do curr\u00edculo aqui.<\/a><\/strong><\/p>\n<p>&nbsp;<\/p>\n<!-- AddThis Advanced Settings generic via filter on the_content --><!-- AddThis Share Buttons generic via filter on the_content --><div class=\"sharedaddy sd-sharing-enabled\"><div class=\"robots-nocontent sd-block sd-social sd-social-official sd-sharing\"><h3 class=\"sd-title\">Share this:<\/h3><div class=\"sd-content\"><ul><li class=\"share-facebook\"><div class=\"fb-share-button\" data-href=\"http:\/\/lunares.laboralivros.com\/?product=minicurso-encadernacao-japonesa\" data-layout=\"button_count\"><\/div><\/li><li class=\"share-twitter\"><a href=\"https:\/\/twitter.com\/share\" class=\"twitter-share-button\" data-url=\"http:\/\/lunares.laboralivros.com\/?product=minicurso-encadernacao-japonesa\" data-text=\"Minicurso: encaderna\u00e7\u00e3o japonesa\" data-via=\"LuaCyriaco\" >Tweet<\/a><\/li><li class=\"share-jetpack-whatsapp\"><a rel=\"nofollow noopener noreferrer\" data-shared=\"\" class=\"share-jetpack-whatsapp sd-button\" href=\"http:\/\/lunares.laboralivros.com\/?product=minicurso-encadernacao-japonesa&amp;share=jetpack-whatsapp\" target=\"_blank\" title=\"Clique para compartilhar no WhatsApp\"><span>WhatsApp<\/span><\/a><\/li><li class=\"share-end\"><\/li><\/ul><\/div><\/div><\/div>","protected":false},"excerpt":{"rendered":"<p>A chamada encaderna\u00e7\u00e3o japonesa tem esse nome por se popularizado aqui com ele, mas sua origem vem na verdade da China. \u00c9 um tipo de encaderna\u00e7\u00e3o feita a centenas de anos.<\/p>\n<p>Diferente da encaderna\u00e7\u00e3o ocidental de livros, a encaderna\u00e7\u00e3o japonesa \u00e9 mais simples, n\u00e3o utiliza cola e possibilita um acabamento muito bonito, pois o fio fica \u00e0 mostra o que d\u00e1 margem para o trabalho com cores de fios diferentes.<\/p>\n<p>Neste minicurso o aluno ir\u00e1 aprender a fazer a encaderna\u00e7\u00e3o simples de 4 furos.<\/p>\n<p>Dura\u00e7\u00e3o: 2h<br \/>\nInvestimento: R$ 80 (material incluso)<\/p>\n<p><strong>LOCAL (verifique dia e hor\u00e1rio na escolha):<\/strong><br \/>\n<strong>S\u00e3o Jos\u00e9 dos Pinhais<\/strong> &#8211; R. Joaquim In\u00e1cio de Souza, 600<\/p>\n<p>&nbsp;<\/p>\n<p><strong>PROFESSORA<\/strong><\/p>\n<p>Lua Bueno Cyr\u00edaco \u00e9 formada em Artes Visuais (licenciatura) e d\u00e1 aulas de desenho desde 2010, j\u00e1 tendo passado por v\u00e1rias escolas e ateli\u00eas em Bras\u00edlia e oferece aulas desde 2016 em Curitiba e S\u00e3o Jos\u00e9 dos Pinhais. Pratica encaderna\u00e7\u00e3o desde 2016.<\/p>\n<p>Em sua forma\u00e7\u00e3o, fez v\u00e1rios cursos da \u00e1rea de cinema (como argumento, roteiro e dire\u00e7\u00e3o cinematogr\u00e1fica), alguns de fotografia, e tem experi\u00eancia de mais de cinco anos no desenvolvimento de atividades de arte educa\u00e7\u00e3o voltadas para espa\u00e7os de galeria e museus (j\u00e1 tendo trabalhado no Museu Nacional da Republica, FUNARTE, Caixa Cultural, Museu nacional dos Correios e CCBB).<\/p>\n<p><strong><a href=\"http:\/\/luabueno.laboralivros.com\/pagina-exemplo\/\">Saiba mais do curr\u00edculo aqui.<\/a><\/strong><\/p>\n<p>&nbsp;<!-- AddThis Advanced Settings generic via filter on get_the_excerpt --><!-- AddThis Share Buttons generic via filter on get_the_excerpt --><\/p>\n<div class=\"sharedaddy sd-sharing-enabled\"><div class=\"robots-nocontent sd-block sd-social sd-social-official sd-sharing\"><h3 class=\"sd-title\">Share this:<\/h3><div class=\"sd-content\"><ul><li class=\"share-facebook\"><div class=\"fb-share-button\" data-href=\"http:\/\/lunares.laboralivros.com\/?product=minicurso-encadernacao-japonesa\" data-layout=\"button_count\"><\/div><\/li><li class=\"share-twitter\"><a href=\"https:\/\/twitter.com\/share\" class=\"twitter-share-button\" data-url=\"http:\/\/lunares.laboralivros.com\/?product=minicurso-encadernacao-japonesa\" data-text=\"Minicurso: encaderna\u00e7\u00e3o japonesa\" data-via=\"LuaCyriaco\" >Tweet<\/a><\/li><li class=\"share-jetpack-whatsapp\"><a rel=\"nofollow noopener noreferrer\" data-shared=\"\" class=\"share-jetpack-whatsapp sd-button\" href=\"http:\/\/lunares.laboralivros.com\/?product=minicurso-encadernacao-japonesa&amp;share=jetpack-whatsapp\" target=\"_blank\" title=\"Clique para compartilhar no WhatsApp\"><span>WhatsApp<\/span><\/a><\/li><li class=\"share-end\"><\/li><\/ul><\/div><\/div><\/div>","protected":false},"featured_media":338,"comment_status":"open","ping_status":"closed","template":"","meta":{"_EventAllDay":false,"_EventTimezone":"","_EventStartDate":"","_EventEndDate":"","_EventStartDateUTC":"","_EventEndDateUTC":"","_EventShowMap":false,"_EventShowMapLink":false,"_EventURL":"","_EventCost":"","_EventCostDescription":"","_EventCurrencySymbol":"","_EventCurrencyPosition":"","_EventDateTimeSeparator":"","_EventTimeRangeSeparator":"","_EventOrganizerID":[],"_EventVenueID":0,"_OrganizerEmail":"","_OrganizerPhone":"","_OrganizerWebsite":"","_VenueAddress":"","_VenueCity":"","_VenueCountry":"","_VenueProvince":"","_VenueZip":"","_VenuePhone":"","_VenueURL":"","_VenueStateProvince":"","_VenueLat":"","_VenueLng":"","spay_email":"","jetpack_publicize_message":"","jetpack_is_tweetstorm":false},"jetpack_publicize_connections":[],"jetpack_sharing_enabled":true,"jetpack_likes_enabled":true,"_links":{"self":[{"href":"http:\/\/lunares.laboralivros.com\/index.php?rest_route=\/wp\/v2\/product\/324"}],"collection":[{"href":"http:\/\/lunares.laboralivros.com\/index.php?rest_route=\/wp\/v2\/product"}],"about":[{"href":"http:\/\/lunares.laboralivros.com\/index.php?rest_route=\/wp\/v2\/types\/product"}],"replies":[{"embeddable":true,"href":"http:\/\/lunares.laboralivros.com\/index.php?rest_route=%2Fwp%2Fv2%2Fcomments&post=324"}],"wp:featuredmedia":[{"embeddable":true,"href":"http:\/\/lunares.laboralivros.com\/index.php?rest_route=\/wp\/v2\/media\/338"}],"wp:attachment":[{"href":"http:\/\/lunares.laboralivros.com\/index.php?rest_route=%2Fwp%2Fv2%2Fmedia&parent=324"}],"curies":[{"name":"wp","href":"https:\/\/api.w.org\/{rel}","templated":true}]}}